{"id":9,"date":"2022-05-03T15:23:56","date_gmt":"2022-05-03T15:23:56","guid":{"rendered":"https:\/\/termodepot.com\/?page_id=9"},"modified":"2022-05-10T23:54:14","modified_gmt":"2022-05-10T23:54:14","slug":"acerca-de","status":"publish","type":"page","link":"https:\/\/termodepot.com\/index.php\/acerca-de\/","title":{"rendered":"Acerca de"},"content":{"rendered":"\n<p>Refacciones del ramo t\u00e9rmico.<br>-Aislantes<br>-Equipos<br>-Refacciones<br>-Asesor\u00eda<br>-Compresores<br>-Consumibles<br>-V\u00e1lvulas de expansi\u00f3n<br>-Refrigerantes<\/p>\n","protected":false},"excerpt":{"rendered":"<p>Refacciones del ramo t\u00e9rmico.-Aislantes-Equipos-Refacciones-Asesor\u00eda-Compresores-Consumibles-V\u00e1lvulas de expansi\u00f3n-Refrigerantes<\/p>\n","protected":false},"author":1,"featured_media":44,"parent":0,"menu_order":0,"comment_status":"closed","ping_status":"closed","template":"","meta":{"footnotes":""},"class_list":["post-9","page","type-page","status-publish","has-post-thumbnail","hentry"],"_links":{"self":[{"href":"https:\/\/termodepot.com\/index.php\/wp-json\/wp\/v2\/pages\/9","targetHints":{"allow":["GET"]}}],"collection":[{"href":"https:\/\/termodepot.com\/index.php\/wp-json\/wp\/v2\/pages"}],"about":[{"href":"https:\/\/termodepot.com\/index.php\/wp-json\/wp\/v2\/types\/page"}],"author":[{"embeddable":true,"href":"https:\/\/termodepot.com\/index.php\/wp-json\/wp\/v2\/users\/1"}],"replies":[{"embeddable":true,"href":"https:\/\/termodepot.com\/index.php\/wp-json\/wp\/v2\/comments?post=9"}],"version-history":[{"count":2,"href":"https:\/\/termodepot.com\/index.php\/wp-json\/wp\/v2\/pages\/9\/revisions"}],"predecessor-version":[{"id":36,"href":"https:\/\/termodepot.com\/index.php\/wp-json\/wp\/v2\/pages\/9\/revisions\/36"}],"wp:featuredmedia":[{"embeddable":true,"href":"https:\/\/termodepot.com\/index.php\/wp-json\/wp\/v2\/media\/44"}],"wp:attachment":[{"href":"https:\/\/termodepot.com\/index.php\/wp-json\/wp\/v2\/media?parent=9"}],"curies":[{"name":"wp","href":"https:\/\/api.w.org\/{rel}","templated":true}]}}